{"id":2,"date":"2025-12-17T09:49:43","date_gmt":"2025-12-17T12:49:43","guid":{"rendered":"http:\/\/oticasdesa.com.br\/?page_id=2"},"modified":"2025-12-17T11:31:11","modified_gmt":"2025-12-17T14:31:11","slug":"pagina-exemplo","status":"publish","type":"page","link":"http:\/\/oticasdesa.com.br\/?page_id=2","title":{"rendered":"\u00d3ticas de S\u00e1"},"content":{"rendered":"\n<p>Estamos h\u00e1 12 anos atendendo Mar\u00edlia e regi\u00e3o, hoje com loja f\u00edsica em Vera Cruz-SP no <strong>Endere\u00e7o:\u00a0<\/strong><br>Rua Paulo Guerreiro Franco, 689, Vera Cruz &#8211; SP, 17560-000<\/p>\n\n\n\n<div class=\"wp-block-buttons is-layout-flex wp-block-buttons-is-layout-flex\">\n<div class=\"wp-block-button\"><a class=\"wp-block-button__link wp-element-button\" href=\"https:\/\/share.google\/1GylrdRRrRgvrpQbk\">Como chegar<\/a><\/div>\n<\/div>\n\n\n\n<p><strong>Telefone:\u00a0<\/strong><a href=\"tel:1434923800\">(14) 3492-3800<\/a>:<\/p>\n\n\n\n<blockquote class=\"wp-block-quote is-layout-flow wp-block-quote-is-layout-flow\">\n<p>Nosso compromisso \u00e9 com a sua sa\u00fade, venha nos conhecer.<\/p>\n<\/blockquote>\n","protected":false},"excerpt":{"rendered":"<p>Estamos h\u00e1 12 anos atendendo Mar\u00edlia e regi\u00e3o, hoje com loja f\u00edsica em Vera Cruz-SP no Endere\u00e7o:\u00a0Rua Paulo Guerreiro Franco, 689, Vera Cruz &#8211; SP, 17560-000 Telefone:\u00a0(14) 3492-3800: Nosso compromisso \u00e9 com a sua sa\u00fade, venha nos conhecer.<\/p>\n","protected":false},"author":1,"featured_media":0,"parent":0,"menu_order":0,"comment_status":"closed","ping_status":"open","template":"","meta":{"footnotes":""},"class_list":["post-2","page","type-page","status-publish","hentry"],"yoast_head":"<!-- This site is optimized with the Yoast SEO plugin v26.6 - https:\/\/yoast.com\/wordpress\/plugins\/seo\/ -->\n<title>\u00d3ticas de S\u00e1 - Oticas de S\u00e1<\/title>\n<meta name=\"robots\" content=\"index, follow, max-snippet:-1, max-image-preview:large, max-video-preview:-1\" \/>\n<link rel=\"canonical\" href=\"http:\/\/oticasdesa.com.br\/?page_id=2\" \/>\n<meta property=\"og:locale\" content=\"pt_BR\" \/>\n<meta property=\"og:type\" content=\"article\" \/>\n<meta property=\"og:title\" content=\"\u00d3ticas de S\u00e1 - Oticas de S\u00e1\" \/>\n<meta property=\"og:description\" content=\"Estamos h\u00e1 12 anos atendendo Mar\u00edlia e regi\u00e3o, hoje com loja f\u00edsica em Vera Cruz-SP no Endere\u00e7o:\u00a0Rua Paulo Guerreiro Franco, 689, Vera Cruz &#8211; SP, 17560-000 Telefone:\u00a0(14) 3492-3800: Nosso compromisso \u00e9 com a sua sa\u00fade, venha nos conhecer.\" \/>\n<meta property=\"og:url\" content=\"http:\/\/oticasdesa.com.br\/?page_id=2\" \/>\n<meta property=\"og:site_name\" content=\"Oticas de S\u00e1\" \/>\n<meta property=\"article:modified_time\" content=\"2025-12-17T14:31:11+00:00\" \/>\n<meta name=\"twitter:card\" content=\"summary_large_image\" \/>\n<script type=\"application\/ld+json\" class=\"yoast-schema-graph\">{\"@context\":\"https:\/\/schema.org\",\"@graph\":[{\"@type\":\"WebPage\",\"@id\":\"http:\/\/oticasdesa.com.br\/?page_id=2\",\"url\":\"http:\/\/oticasdesa.com.br\/?page_id=2\",\"name\":\"\u00d3ticas de S\u00e1 - Oticas de S\u00e1\",\"isPartOf\":{\"@id\":\"https:\/\/oticasdesa.com.br\/#website\"},\"datePublished\":\"2025-12-17T12:49:43+00:00\",\"dateModified\":\"2025-12-17T14:31:11+00:00\",\"breadcrumb\":{\"@id\":\"http:\/\/oticasdesa.com.br\/?page_id=2#breadcrumb\"},\"inLanguage\":\"pt-BR\",\"potentialAction\":[{\"@type\":\"ReadAction\",\"target\":[\"http:\/\/oticasdesa.com.br\/?page_id=2\"]}]},{\"@type\":\"BreadcrumbList\",\"@id\":\"http:\/\/oticasdesa.com.br\/?page_id=2#breadcrumb\",\"itemListElement\":[{\"@type\":\"ListItem\",\"position\":1,\"name\":\"Home\",\"item\":\"https:\/\/oticasdesa.com.br\/\"},{\"@type\":\"ListItem\",\"position\":2,\"name\":\"\u00d3ticas de S\u00e1\"}]},{\"@type\":\"WebSite\",\"@id\":\"https:\/\/oticasdesa.com.br\/#website\",\"url\":\"https:\/\/oticasdesa.com.br\/\",\"name\":\"Oticas de S\u00e1\",\"description\":\"R. Paulo Guerreiro Franco, 689, Vera Cruz\/SP | (14) 3492-3800 | (14) 99152-3390 | (14) 99798-8200\",\"publisher\":{\"@id\":\"https:\/\/oticasdesa.com.br\/#organization\"},\"potentialAction\":[{\"@type\":\"SearchAction\",\"target\":{\"@type\":\"EntryPoint\",\"urlTemplate\":\"https:\/\/oticasdesa.com.br\/?s={search_term_string}\"},\"query-input\":{\"@type\":\"PropertyValueSpecification\",\"valueRequired\":true,\"valueName\":\"search_term_string\"}}],\"inLanguage\":\"pt-BR\"},{\"@type\":\"Organization\",\"@id\":\"https:\/\/oticasdesa.com.br\/#organization\",\"name\":\"Oticas de S\u00e1\",\"url\":\"https:\/\/oticasdesa.com.br\/\",\"logo\":{\"@type\":\"ImageObject\",\"inLanguage\":\"pt-BR\",\"@id\":\"https:\/\/oticasdesa.com.br\/#\/schema\/logo\/image\/\",\"url\":\"http:\/\/oticasdesa.com.br\/wp-content\/uploads\/2025\/12\/icone-2.png\",\"contentUrl\":\"http:\/\/oticasdesa.com.br\/wp-content\/uploads\/2025\/12\/icone-2.png\",\"width\":1000,\"height\":1000,\"caption\":\"Oticas de S\u00e1\"},\"image\":{\"@id\":\"https:\/\/oticasdesa.com.br\/#\/schema\/logo\/image\/\"}}]}<\/script>\n<!-- \/ Yoast SEO plugin. -->","yoast_head_json":{"title":"\u00d3ticas de S\u00e1 - Oticas de S\u00e1","robots":{"index":"index","follow":"follow","max-snippet":"max-snippet:-1","max-image-preview":"max-image-preview:large","max-video-preview":"max-video-preview:-1"},"canonical":"http:\/\/oticasdesa.com.br\/?page_id=2","og_locale":"pt_BR","og_type":"article","og_title":"\u00d3ticas de S\u00e1 - Oticas de S\u00e1","og_description":"Estamos h\u00e1 12 anos atendendo Mar\u00edlia e regi\u00e3o, hoje com loja f\u00edsica em Vera Cruz-SP no Endere\u00e7o:\u00a0Rua Paulo Guerreiro Franco, 689, Vera Cruz &#8211; SP, 17560-000 Telefone:\u00a0(14) 3492-3800: Nosso compromisso \u00e9 com a sua sa\u00fade, venha nos conhecer.","og_url":"http:\/\/oticasdesa.com.br\/?page_id=2","og_site_name":"Oticas de S\u00e1","article_modified_time":"2025-12-17T14:31:11+00:00","twitter_card":"summary_large_image","schema":{"@context":"https:\/\/schema.org","@graph":[{"@type":"WebPage","@id":"http:\/\/oticasdesa.com.br\/?page_id=2","url":"http:\/\/oticasdesa.com.br\/?page_id=2","name":"\u00d3ticas de S\u00e1 - Oticas de S\u00e1","isPartOf":{"@id":"https:\/\/oticasdesa.com.br\/#website"},"datePublished":"2025-12-17T12:49:43+00:00","dateModified":"2025-12-17T14:31:11+00:00","breadcrumb":{"@id":"http:\/\/oticasdesa.com.br\/?page_id=2#breadcrumb"},"inLanguage":"pt-BR","potentialAction":[{"@type":"ReadAction","target":["http:\/\/oticasdesa.com.br\/?page_id=2"]}]},{"@type":"BreadcrumbList","@id":"http:\/\/oticasdesa.com.br\/?page_id=2#breadcrumb","itemListElement":[{"@type":"ListItem","position":1,"name":"Home","item":"https:\/\/oticasdesa.com.br\/"},{"@type":"ListItem","position":2,"name":"\u00d3ticas de S\u00e1"}]},{"@type":"WebSite","@id":"https:\/\/oticasdesa.com.br\/#website","url":"https:\/\/oticasdesa.com.br\/","name":"Oticas de S\u00e1","description":"R. Paulo Guerreiro Franco, 689, Vera Cruz\/SP | (14) 3492-3800 | (14) 99152-3390 | (14) 99798-8200","publisher":{"@id":"https:\/\/oticasdesa.com.br\/#organization"},"potentialAction":[{"@type":"SearchAction","target":{"@type":"EntryPoint","urlTemplate":"https:\/\/oticasdesa.com.br\/?s={search_term_string}"},"query-input":{"@type":"PropertyValueSpecification","valueRequired":true,"valueName":"search_term_string"}}],"inLanguage":"pt-BR"},{"@type":"Organization","@id":"https:\/\/oticasdesa.com.br\/#organization","name":"Oticas de S\u00e1","url":"https:\/\/oticasdesa.com.br\/","logo":{"@type":"ImageObject","inLanguage":"pt-BR","@id":"https:\/\/oticasdesa.com.br\/#\/schema\/logo\/image\/","url":"http:\/\/oticasdesa.com.br\/wp-content\/uploads\/2025\/12\/icone-2.png","contentUrl":"http:\/\/oticasdesa.com.br\/wp-content\/uploads\/2025\/12\/icone-2.png","width":1000,"height":1000,"caption":"Oticas de S\u00e1"},"image":{"@id":"https:\/\/oticasdesa.com.br\/#\/schema\/logo\/image\/"}}]}},"_links":{"self":[{"href":"http:\/\/oticasdesa.com.br\/index.php?rest_route=\/wp\/v2\/pages\/2","targetHints":{"allow":["GET"]}}],"collection":[{"href":"http:\/\/oticasdesa.com.br\/index.php?rest_route=\/wp\/v2\/pages"}],"about":[{"href":"http:\/\/oticasdesa.com.br\/index.php?rest_route=\/wp\/v2\/types\/page"}],"author":[{"embeddable":true,"href":"http:\/\/oticasdesa.com.br\/index.php?rest_route=\/wp\/v2\/users\/1"}],"replies":[{"embeddable":true,"href":"http:\/\/oticasdesa.com.br\/index.php?rest_route=%2Fwp%2Fv2%2Fcomments&post=2"}],"version-history":[{"count":1,"href":"http:\/\/oticasdesa.com.br\/index.php?rest_route=\/wp\/v2\/pages\/2\/revisions"}],"predecessor-version":[{"id":33,"href":"http:\/\/oticasdesa.com.br\/index.php?rest_route=\/wp\/v2\/pages\/2\/revisions\/33"}],"wp:attachment":[{"href":"http:\/\/oticasdesa.com.br\/index.php?rest_route=%2Fwp%2Fv2%2Fmedia&parent=2"}],"curies":[{"name":"wp","href":"https:\/\/api.w.org\/{rel}","templated":true}]}}